{"id":982,"date":"2023-07-09T19:49:48","date_gmt":"2023-07-09T16:49:48","guid":{"rendered":"https:\/\/astera.ee\/isikuandmete-tootlemise-tingimused\/"},"modified":"2023-11-02T08:30:10","modified_gmt":"2023-11-02T08:30:10","slug":"principles-of-processing-personal-data","status":"publish","type":"page","link":"https:\/\/astera.ee\/en\/principles-of-processing-personal-data\/","title":{"rendered":"Principles of processing personal data"},"content":{"rendered":"<h2>Astera AS isikuandmete t\u00f6\u00f6tlemise tingimused<\/h2>\n<p>&nbsp;<\/p>\n<h3>1. M\u00d5ISTED JA \u00dcLDS\u00c4TTED<\/h3>\n<p><strong>1.1.<\/strong> K\u00e4esolevad Astera AS isikuandmete t\u00f6\u00f6tlemise tingimused (edaspidi Tingimused) s\u00e4testavad andmesubjekti isikuandmete t\u00f6\u00f6tlemise korra, sealhulgas isikuandmed, milliseid Astera AS t\u00f6\u00f6tleb, Astera AS poolt isikuandmete t\u00f6\u00f6tlemise alused, p\u00f5him\u00f5tted ja eesm\u00e4rgid, andmesubjekti \u00f5igused ja Astera AS kohustused isikuandmete t\u00f6\u00f6tlemisel ning turvameetmed isikuandmete kaitseks.<br \/>\n<strong>1.2.<\/strong> Isikuandmete vastutav t\u00f6\u00f6tleja on Astera AS (edaspidi Astera AS), registrikood 10292877, aadress Tehase 9A, Rakvere 44317, L\u00e4\u00e4ne-Virumaa, e-posti aadress: <a href=\"mailto:info@astera.ee\">info@astera.ee<\/a>.<br \/>\n<strong>1.3.<\/strong> Andmesubjekt on f\u00fc\u00fcsiline isik, sealhulgas juriidilise isiku f\u00fc\u00fcsilisest isikust esindaja, kelle isikuandmeid Astera AS t\u00f6\u00f6tleb (edaspidi Andmesubjekt).<br \/>\n<strong>1.4.<\/strong> Isikuandmed on igasugune teave tuvastatud v\u00f5i tuvastatava Andmesubjekti kohta (edaspidi isikuandmed).<br \/>\n<strong>1.5.<\/strong> Isikuandmete t\u00f6\u00f6tlemine on igasugune Andmesubjekti isikuandmetega tehtav toiming (sealhulgas Andmesubjekti isikuandmete kogumine, salvestamine, korrastamine, s\u00e4ilitamine, muutmine, juurdep\u00e4\u00e4su v\u00f5imaldamine, kasutamine, edastamine, kustutamine jne).<br \/>\n<strong>1.6.<\/strong> Astera AS v\u00f5ib volitada Andmesubjekti isikuandmeid t\u00f6\u00f6tlema teisi isikuid v\u00f5i asutusi (edaspidi Volitatud t\u00f6\u00f6tleja) tingimusel, et sellise Volitatud t\u00f6\u00f6tlejaga on Astera AS s\u00f5lminud lepingu, mille kohaselt on volitatud t\u00f6\u00f6tleja kohustatud t\u00f6\u00f6deldavad isikuandmed konfidentsiaalsuses hoidma ning tagama \u00f5igusaktidest tulenevate Volitatud t\u00f6\u00f6tlejale laienevate kohustuste t\u00e4itmine. Volitatud t\u00f6\u00f6tlejate nimed ja kontaktandmed teeb Astera AS Andmesubjektile k\u00e4ttesaadavaks Andmesubjekti taotluse alusel. K\u00e4esoleval ajahetkel on Volitatud t\u00f6\u00f6tlejad toodud \u00e4ra Lisas nr. 1 \u2013 Astera AS Kliendi andmete volitatud t\u00f6\u00f6tlejad <a href=\"https:\/\/astera.ee\/wp-content\/uploads\/2023\/09\/Astera-AS-kliendi-andmete-volitatud-tootajad.pdf\" target=\"_blank\" rel=\"noopener\">http:\/\/astera.ee\/dokumendid<\/a>.<br \/>\n<strong>1.7.<\/strong> Volitatud t\u00f6\u00f6tlejate v\u00f5i nende andmete muutudes t\u00e4iendatakse seda nimekirja m\u00f5istliku aja v\u00e4ltel, kuid mitte hiljem kui 30 p\u00e4eva jooksul alates andmete muutumisest.<\/p>\n<h3>2. ISIKUANDMETE T\u00d6\u00d6TLEMISE EESM\u00c4RK JA \u00d5IGUSLIK ALUS<\/h3>\n<p><strong>2.1. Astera AS t\u00f6\u00f6tleb Andmesubjekti isikuandmeid j\u00e4rgmistel eesm\u00e4rkidel:<\/strong><br \/>\n<strong>2.1.1.<\/strong> Andmesubjektiga lepingu s\u00f5lmimiseks (sealhulgas hinnapakkumise tegemiseks);<br \/>\n<strong>2.1.2.<\/strong> Andmesubjektiga s\u00f5lmitud lepingu t\u00e4itmiseks;<br \/>\n<strong>2.1.3.<\/strong> Andmesubjektile kaupade pakkumiseks ja\/v\u00f5i teenuste osutamiseks;<br \/>\n<strong>2.1.4.<\/strong> Astera AS sisese m\u00fc\u00fcgistatistika koostamiseks;<br \/>\n<strong>2.1.5.<\/strong> turundus- ja tarbijaharjumuste ning kliendirahulolu uuringute koostamiseks;<br \/>\n<strong>2.1.6.<\/strong> Astera AS veebisaidi haldamiseks, uuendamiseks ja parandamiseks;<br \/>\n<strong>2.1.7.<\/strong> muudeks Astera AS poolt Andmesubjektiga s\u00f5lmitud lepingu eesm\u00e4rkide saavutamiseks, sealhulgas Astera AS poolt pakutavate kaupade ja teenuste arendamiseks ja kvaliteedi parandamiseks vajalikeks toiminguteks;<br \/>\n<strong>2.1.8.<\/strong> Astera AS vara kaitsmiseks;<br \/>\n<strong>2.1.9.<\/strong> seadusest tulenevate kohustuste t\u00e4itmiseks.<\/p>\n<p><strong>2.2. Astera AS poolt Andmesubjekti isikuandmete t\u00f6\u00f6tlemise alused:<\/strong><br \/>\n<strong>2.2.1.<\/strong> leping Astera AS-ga \u2013 eelk\u00f5ige isikuandmete t\u00f6\u00f6tlemine lepingu s\u00f5lmimiseks ja lepingu t\u00e4itmiseks, sealhulgas k\u00f5igi lepingu s\u00f5lmimiseks ja t\u00e4itmiseks vajalike toimingute tegemiseks;<br \/>\n<strong>2.2.2.<\/strong> Andmesubjekti n\u00f5usolek \u2013 eelk\u00f5ige isikuandmete t\u00f6\u00f6tlemine turundus- ja tarbijaharjumuste ning kliendirahulolu uuringute koostamiseks, samuti isikuandmete t\u00f6\u00f6tlemine osas, milles isikuandmeid ei t\u00f6\u00f6delda lepingu alusel v\u00f5i seaduse v\u00f5i muude \u00f5igusaktide alusel;<br \/>\n<strong>2.2.3.<\/strong> seadused ja muud \u00f5igusaktid \u2013 isikuandmete t\u00f6\u00f6tlemine seadustest ja muudest \u00f5igusaktidest Astera AS-le tulenevate kohustuste t\u00e4itmiseks;<br \/>\n<strong>2.2.4.<\/strong> leping vastutava t\u00f6\u00f6tlejaga \u2013 isikuandmete t\u00f6\u00f6tlemine olukorras, kus vastutav t\u00f6\u00f6tleja on volitanud Astera AS-i t\u00f6\u00f6tlema isikuandmeid vastutava t\u00f6\u00f6tleja poolt m\u00e4\u00e4ratletud eesm\u00e4rkidel.<\/p>\n<p><strong>2.3.<\/strong> Astera AS teeb k\u00f5ik endast oleneva, et esimesel v\u00f5imalusel teavitada Andmesubjekti kogu \u00f5igusaktides etten\u00e4htud teabest Andmesubjekti isikuandmete t\u00f6\u00f6tlemise kohta, sealhulgas k\u00e4esolevatest Tingimustest, ning teha Andmesubjektiga igak\u00fclgset koost\u00f6\u00f6d Andmesubjekti k\u00f5igi \u00f5iguste ja huvide efektiivseks kaitsmiseks. Andmesubjekt m\u00f5istab samaaegselt, et isikuandmete omaalgatuslikul Astera AS- le edastamisel (nt telefoni v\u00f5i e-posti teel) annab Andmesubjekt n\u00f5usoleku edastatud isikuandmete t\u00f6\u00f6tlemiseks.<\/p>\n<h3>3. T\u00d6\u00d6DELDAVATE ISIKUANDMETE KOOSSEIS<\/h3>\n<p><strong>3.1.<\/strong> <strong>Astera AS t\u00f6\u00f6tleb muu hulgas j\u00e4rgnevaid Andmesubjekti isikuandmeid:<\/strong><br \/>\n<strong>3.1.1.<\/strong> andmed Andmesubjekti kohta (nimi, s\u00fcnniaeg, sugu, rahvus, arvelduskonto number jm);<br \/>\n<strong>3.1.2.<\/strong> Andmesubjekti kontaktandmed (sealhulgas aadress, e-posti aadress, telefoninumber, mailiaadress jm);<br \/>\n<strong>3.1.3.<\/strong> muud Andmesubjekti poolt Asrea AS-le avaldatud isikuandmed, sh Andmesubjektiga seotud isikute isikuandmed.<\/p>\n<p><strong>3.2.<\/strong> Astera AS poolt t\u00f6\u00f6deldavate Andmesubjekti isikuandmete t\u00e4pne koosseis s\u00f5ltub sellest, milliseid isikuandmeid Andmesubjekt Astera AS-le avaldab.<\/p>\n<p><strong>3.3.<\/strong> Andmesubjekt ei ole kohustatud avaldama Astera AS-le isikuandmeid, milliseid Andmesubjekt ei soovi Astera AS-le avaldada, kuid Andmesubjekt m\u00f5istab, et mittet\u00e4ielike v\u00f5i ebapiisavate isikuandmete esitamisel ei pruugi Astera AS-l olla v\u00f5imalik pakkuda Andmesubjektile kaupu ja\/v\u00f5i osutada Andmesubjektile teenuseid.<\/p>\n<h3>4. ISIKUANDMETE SALVESTAMINE JA S\u00c4ILITAMINE<\/h3>\n<p><strong>4.1.<\/strong> Astera AS salvestab ja s\u00e4ilitab k\u00f5ik Andmesubjekti poolt esitatud isikuandmed tingimustel, mis vastavad k\u00e4esolevates Tingimustes ja asjakohastes \u00f5igusaktides s\u00e4testatud p\u00f5him\u00f5tetele ja n\u00f5uetele.<\/p>\n<p><strong>4.2.<\/strong> Astera AS tagab, et k\u00f5ik Astera AS t\u00f6\u00f6tajad, kes mistahes viisil puutuvad kokku Andmesubjekti isikuandmetega, omavad Andmesubjekti isikuandmetele ligip\u00e4\u00e4su Astera AS poolt nimetatud isikuandmete t\u00f6\u00f6tlemise eesm\u00e4rkide t\u00e4itmiseks ning j\u00e4rgivad isikuandmete konfidentsiaalsena hoidmise kohustust.<\/p>\n<p><strong>4.3.<\/strong> Astera AS-l on \u00f5igus salvestada ka k\u00f5ik sidevahendi (nt telefon, e-post) teel antud korraldused, samuti muud toimingud, mida Andmesubjekt on teinud, ning vajadusel kasutada neid salvestisi korralduste v\u00f5i muude toimingute t\u00f5endamiseks ja\/v\u00f5i taasesitamiseks ning muude k\u00e4esolevates Tingimustes s\u00e4testatud isikuandmete t\u00f6\u00f6tlemise eesm\u00e4rkide t\u00e4itmiseks.<\/p>\n<p><strong>4.4.<\/strong> Astera AS s\u00e4ilitab isikuandmeid Andmesubjektile kaupade ja\/v\u00f5i teenuste pakkumiseks vajaliku aja ning p\u00e4rast seda kuni see on vajalik Astera AS \u00f5iguste kaitsmiseks v\u00f5i seaduse kohaselt.<\/p>\n<p><strong>4.5.<\/strong> Astera AS s\u00e4ilitab Andmesubjekti isikuandmeid, milliseid Astera AS t\u00f6\u00f6tleb volitatud t\u00f6\u00f6tlejana, vastutava t\u00f6\u00f6tlejaga kokkulepitud aja v\u00e4ltel.<\/p>\n<h3>5. ISIKUANDMETE EDASTAMINE KOLMANDATELE ISIKUTELE<\/h3>\n<p><strong>5.1.<\/strong> Astera AS v\u00f5ib edastada isikuandmeid kolmandatele isikutele, sealhulgas teistes Euroopa Liidu liikmesriikides asuvatele kolmandatele isikutele, kui isikuandmete edastamine on koosk\u00f5las ja vajalik Astera AS poolt Andmesubjektile kaupade ja\/v\u00f5i teenuste pakkumiseks, sealhulgas k\u00f5igi kaupade ja\/v\u00f5i teenuste pakkumiseks vajalike toimingute tegemiseks, v\u00f5i muude Astera AS poolt m\u00e4\u00e4ratud isikuandmete t\u00f6\u00f6tlemise eesm\u00e4rkide t\u00e4itmiseks v\u00f5i Astera AS-le seadustest ja muudest \u00f5igusaktidest tulenevate kohustuste t\u00e4itmiseks.<\/p>\n<p><strong>5.2.<\/strong> Astera AS edastab isikuandmeid kolmandatele isikutele \u00fcksnes ulatuses, milles see on vajalik Astera AS poolt m\u00e4\u00e4ratud isikuandmete t\u00f6\u00f6tlemise eesm\u00e4rkide t\u00e4itmiseks. Astera AS n\u00f5uab isikutelt, kellele isikuandmeid edastatakse v\u00f5i avalikustatakse, Astera AS poolt m\u00e4\u00e4ratud turva- ja konfidentsiaalsusreeglite t\u00e4itmist ning andmet\u00f6\u00f6tlustegevusega v\u00f5rdv\u00e4\u00e4rse andmekaitsetaseme tagamist.<\/p>\n<p><strong>5.3. Astera AS v\u00f5ib edastada Andmesubjekti isikuandmeid eelk\u00f5ige j\u00e4rgmistele kolmandatele isikutele:<\/strong><br \/>\n<strong>5.3.1.<\/strong> Astera AS \u00e4ri- ja koost\u00f6\u00f6partnerid;<br \/>\n<strong>5.3.2.<\/strong> Astera AS tegevusega seotud advokaadid ning muud n\u00f5ustajad;<br \/>\n<strong>5.3.3.<\/strong> isikud, kellele Astera AS on loovutanud n\u00f5uded;<br \/>\n<strong>5.3.4.<\/strong> isikud, kellele Astera AS v\u00f5ib v\u00f5i on kohustatud Andmesubjekti isikuandmeid avaldama Astera AS-le seadustest tulenevate kohustuste t\u00e4itmiseks.<\/p>\n<p><strong>5.4.<\/strong> Astera AS on vastavalt k\u00e4esolevates Tingimustes s\u00e4testatule avaldanud volitatud t\u00f6\u00f6tlejate nimekirja, mida Astera AS uuendab vastavalt Tingimustes s\u00e4testatule. Andmesubjekti taotlusel teeb Astera AS Andmesubjektile teatavaks, millistele isikutele on Astera AS Andmesubjekti isikuandmeid edastanud.<\/p>\n<h3>6. ANDMESUBJEKTI \u00d5IGUSED<\/h3>\n<p><strong>6.1. Andmesubjektil on \u00f5igus:<\/strong><br \/>\n<strong>6.1.1.<\/strong> saada teavet Astera AS poolt t\u00f6\u00f6deldavate Andmesubjekti isikuandmete ja nende t\u00f6\u00f6tlemise kohta, sealhulgas teavet kolmandate isikute kohta, kellele Astera AS on isikuandmeid edastanud;<br \/>\n<strong>6.1.2.<\/strong> n\u00f5uda Andmesubjekti puudutavate eba\u00f5igete isikuandmete viivitamatut parandamist, sealhulgas mittet\u00e4ielike isikuandmete parandamist;<br \/>\n<strong>6.1.3.<\/strong> n\u00f5uda \u00f5igusaktides s\u00e4testatud juhtudel Andmesubjekti isikuandmete t\u00f6\u00f6tlemise l\u00f5petamist ja isikuandmete kustutamist;<br \/>\n<strong>6.1.4.<\/strong> n\u00f5uda \u00f5igusaktides s\u00e4testatud juhtudel Andmesubjekti isikuandmete t\u00f6\u00f6tlemise piiramist v\u00f5i esitada vastuv\u00e4ide isikuandmete t\u00f6\u00f6tlemisele;<br \/>\n<strong>6.1.5.<\/strong> saada Andmesubjekti puudutavaid isikuandmeid, mida Andmesubjekt on Astera AS-le esitanud, struktureeritud, \u00fcldkasutatavas vormingus ning masinloetaval kujul ning \u00f5igus edastada need andmed teisele vastutavale t\u00f6\u00f6tlejale ilma, et Astera AS seda takistaks;<br \/>\n<strong>6.1.6.<\/strong> igal ajal keelata teda k\u00e4sitlevate andmete t\u00f6\u00f6tlemine tarbijaharjumuste uurimiseks v\u00f5i otseturustuseks ja isikuandmete \u00fcleandmine kolmandatele isikutele, kes soovivad neid kasutada tarbijaharjumuste uurimiseks v\u00f5i otseturustuseks;<br \/>\n<strong>6.1.7.<\/strong> igal ajal oma n\u00f5usolek isikuandmete t\u00f6\u00f6tlemiseks tagasi v\u00f5tta, sealhulgas on Andmesubjektil \u00f5igus v\u00f5tta tagasi \u00fcksnes oma n\u00f5usolek isikuandmete t\u00f6\u00f6tlemiseks turunduslikel eesm\u00e4rkidel. N\u00f5usoleku tagasiv\u00f5tmine ei m\u00f5juta enne tagasiv\u00f5tmist n\u00f5usoleku alusel toimunud t\u00f6\u00f6tlemise seaduslikkust, samuti ei m\u00f5juta n\u00f5usoleku tagasiv\u00f5tmine Andmesubjekti isikuandmete t\u00f6\u00f6tlemist osas, milles isikuandmete t\u00f6\u00f6tlemine toimub seaduse alusel.<\/p>\n<p><strong>6.2.<\/strong> Astera AS kohustub Andmesubjekti isikuandmete parandamise, kustutamise v\u00f5i isikuandmete t\u00f6\u00f6tlemise piiramise korral viivitamata teavitama sellest kolmandaid isikuid, kellelt isikuandmed saadi v\u00f5i kellele isikuandmeid edastati, kui see on tehniliselt v\u00f5imalik ega too kaasa ebaproportsionaalselt suuri kulutusi.<\/p>\n<p><strong>6.3.<\/strong> Andmesubjekt kohustub esitama k\u00f5ik isikuandmeid puudutavad taotlused ja n\u00f5uded elektrooniliselt digitaalallkirjastatuna e-posti aadressil <a href=\"mailto:info@astera.ee\">info@astera.ee<\/a> v\u00f5i omak\u00e4eliselt allkirjastatuna aadressil Tehase 9A, Rakvere, 44317, L\u00e4\u00e4ne-Virumaa.<\/p>\n<h3>7. ASTERA AS KOHUSTUSED<\/h3>\n<p><strong>7.1.<\/strong> Astera AS on kohustatud isikuandmeid t\u00f6\u00f6tlema, sealhulgas isikuandmeid koguma, edastama ja s\u00e4ilitama, k\u00e4esolevates Tingimustes ja muudes isikuandmete t\u00f6\u00f6tlemisega seonduvates AS Asteraeeskirjades ning isikuandmete kaitse seaduses ning Euroopa Parlamendi ja N\u00f5ukogu M\u00e4\u00e4ruses (EL) nr 2016\/679 ja teistes asjakohastes \u00f5igusaktides s\u00e4testatud korras, eesm\u00e4rkidel ja tingimustel.<\/p>\n<h3>8. ISIKUANDMETE KAITSE MEETMED<\/h3>\n<p><strong>8.1.<\/strong> Astera AS j\u00e4rgib oma tegevuses isikuandmete kaitse p\u00f5him\u00f5tteid ning teeb k\u00f5ik endast oleneva, et isikuandmete t\u00f6\u00f6tlemine, sealhulgas isikuandmete kogumine, edastamine ja s\u00e4ilitamine, toimuks viisil, mis tagab isikuandmete turvalisuse ja konfidentsiaalsuse vastavalt isikuandmete olemusele, sealhulgas rakendab isikuandmete turvalise t\u00f6\u00f6tlemise tagamiseks asjakohaseid tehnilisi ja korralduslike meetmeid.<\/p>\n<p><strong>8.2.<\/strong> Juhul, kui leiab aset Andmesubjekti isikuandmetega seotud rikkumine, mis kujutab endast t\u00f5en\u00e4oliselt suurt ohtu Andmesubjekti \u00f5igustele ja vabadustele, kohustub Astera, mis on v\u00f5etud kasutusele rikkumise k\u00f5rvaldamiseks, samuti teavitama Andmesubjektile asjakohast teavet omava isiku kontaktandmed.<\/p>\n<h3>9. ANDMESUBJEKTI \u00d5IGUSTE KAITSE<\/h3>\n<p><strong>9.1.<\/strong> Kui Andmesubjekt leiab, et Astera AS on tema isikuandmete t\u00f6\u00f6tlemisel rikkunud tema \u00f5igusi, on Andmesubjektil \u00f5igus p\u00f6\u00f6rduda rikkumise l\u00f5petamise n\u00f5udega Astera AS poole.<\/p>\n<p><strong>9.2.<\/strong> Andmesubjektil on lisaks igal ajal \u00f5igus tema \u00f5iguste rikkumise korral p\u00f6\u00f6rduda Andmekaitse Inspektsiooni (aadress: Tatari 39, Tallinn 10134, telefon: 627 4135, e-posti aadress: <a href=\"mailto:info@aki.ee\">info@aki.ee<\/a>) v\u00f5i p\u00e4deva kohtu poole.<\/p>\n<p><strong>9.3.<\/strong> Andmesubjektil on \u00f5igus p\u00f6\u00f6rduda isikuandmete t\u00f6\u00f6tlemisega seonduvate \u00fcldiste k\u00fcsimustega Astera AS (registrikood 10292877) poole telefonil +372 325 571, e-posti aadressil <a href=\"mailto:info@astera.ee\">info@astera.ee<\/a> v\u00f5i aadressil Tehase 9A, Rakvere 44317, L\u00e4\u00e4neVirumaa.<\/p>\n<h3>10. L\u00d5PPS\u00c4TTED<\/h3>\n<p><strong>10.1.<\/strong> Astera AS-l on \u00f5igus k\u00e4esolevaid Tingimusi \u00fchepoolselt muuta teavitades Andmesubjekti tingimuste muutmisest ette v\u00e4hemalt 30 p\u00e4eva Astera AS veebilehe http:\/\/astera.ee\/dokumendid kaudu, v\u00e4lja arvatud juhul, kui Tingimusi muudetakse \u00fcksnes asjaomastes \u00f5igusaktides s\u00e4testatud n\u00f5uete muutumise t\u00f5ttu.<\/p>\n","protected":false},"excerpt":{"rendered":"<p>Astera AS isikuandmete t\u00f6\u00f6tlemise tingimused &nbsp; 1. M\u00d5ISTED JA \u00dcLDS\u00c4TTED 1.1. K\u00e4esolevad Astera AS isikuandmete t\u00f6\u00f6tlemise tingimused (edaspidi Tingimused) s\u00e4testavad andmesubjekti isikuandmete t\u00f6\u00f6tlemise korra, sealhulgas isikuandmed, milliseid Astera AS t\u00f6\u00f6tleb, Astera AS poolt isikuandmete t\u00f6\u00f6tlemise alused, p\u00f5him\u00f5tted ja eesm\u00e4rgid, andmesubjekti \u00f5igused ja Astera AS kohustused isikuandmete t\u00f6\u00f6tlemisel ning turvameetmed isikuandmete kaitseks. 1.2. Isikuandmete vastutav t\u00f6\u00f6tleja [&hellip;]<\/p>\n","protected":false},"author":2,"featured_media":0,"parent":0,"menu_order":0,"comment_status":"closed","ping_status":"closed","template":"","meta":{"footnotes":""},"class_list":["post-982","page","type-page","status-publish","hentry"],"acf":[],"_links":{"self":[{"href":"https:\/\/astera.ee\/en\/wp-json\/wp\/v2\/pages\/982","targetHints":{"allow":["GET"]}}],"collection":[{"href":"https:\/\/astera.ee\/en\/wp-json\/wp\/v2\/pages"}],"about":[{"href":"https:\/\/astera.ee\/en\/wp-json\/wp\/v2\/types\/page"}],"author":[{"embeddable":true,"href":"https:\/\/astera.ee\/en\/wp-json\/wp\/v2\/users\/2"}],"replies":[{"embeddable":true,"href":"https:\/\/astera.ee\/en\/wp-json\/wp\/v2\/comments?post=982"}],"version-history":[{"count":2,"href":"https:\/\/astera.ee\/en\/wp-json\/wp\/v2\/pages\/982\/revisions"}],"predecessor-version":[{"id":1028,"href":"https:\/\/astera.ee\/en\/wp-json\/wp\/v2\/pages\/982\/revisions\/1028"}],"wp:attachment":[{"href":"https:\/\/astera.ee\/en\/wp-json\/wp\/v2\/media?parent=982"}],"curies":[{"name":"wp","href":"https:\/\/api.w.org\/{rel}","templated":true}]}}