{"id":991,"date":"2023-07-09T19:50:30","date_gmt":"2023-07-09T19:50:30","guid":{"rendered":"https:\/\/astera.ee\/kupsiste-kasutamise-pohimotted\/"},"modified":"2023-11-02T08:29:35","modified_gmt":"2023-11-02T08:29:35","slug":"cookie-policy","status":"publish","type":"page","link":"https:\/\/astera.ee\/en\/cookie-policy\/","title":{"rendered":"Cookie Policy"},"content":{"rendered":"<h2>Astera AS k\u00fcpsiste kasutamine p\u00f5him\u00f5tted<\/h2>\n<p>&nbsp;<\/p>\n<p>K\u00e4esolevad K\u00fcpsiste kasutamise p\u00f5him\u00f5tted reguleerivad k\u00fcpsiste kasutamist veebisaidil <a href=\"https:\/\/www.astera.ee\/\">https:\/\/www.astera.ee\/<\/a>.<\/p>\n<p>Veebisaidi haldaja ja andmete vastutav t\u00f6\u00f6tleja on Astera AS, registrikood 10292877, aadress Tehase tn 9a, Rakvere linn, L\u00e4\u00e4ne-Viru maakond, 44317, e-posti aadress: <a href=\"mailto:astera@astera.ee\">astera@astera.ee<\/a>.<\/p>\n<h3>Mis on k\u00fcpsised?<\/h3>\n<p>Kasutaja paremaks teenindamiseks kasutab Astera AS veebisait <a href=\"https:\/\/www.astera.ee\/\">https:\/\/www.astera.ee\/<\/a> k\u00fcpsiseid ehk cookie\u2019sid.<\/p>\n<p>K\u00fcpsis on v\u00e4ikesemahuline tekstifail, mille Kasutaja veebibrauser saadab ja salvestab Kasutaja arvutisse v\u00f5i seadmesse (telefon, tahvelarvuti jm). K\u00fcpsised ja nende abil saadav informatsioon v\u00f5imaldavad veebiserveril pidada arvestust veebiserveri k\u00fclastuse \u00fcle, sh j\u00e4lgida kasutusstatistikat, rubriikide populaarsust ning muid veebisaidil tehtavatest toiminguid, samuti parandada veebisaitide sisu ja toimimist ning muuta seel\u00e4bi veebisaite kasutajas\u00f5bralikumaks. K\u00fcpsised koguvad andmeid, mis v\u00f5ivad sisaldada isikuandmeid.<\/p>\n<h3>Veebisaidil kasutatavate k\u00fcpsiste t\u00fc\u00fcbid ja kasutamise eesm\u00e4rk<\/h3>\n<p><strong>Veebisaidil <a href=\"https:\/\/www.astera.ee\/\">https:\/\/www.astera.ee\/<\/a> kasutatakse j\u00e4rgnevaid k\u00fcpsiseid:<\/strong><\/p>\n<p>ajutised ehk seansi k\u00fcpsised \u2013 v\u00f5imaldavad veebisaidil meelde j\u00e4tta Kasutaja poolt tehtud varasemaid valikud ja pakkuda veebisaidil seel\u00e4bi funktsioonide mugavamat ja t\u00f5husamat kasutamisv\u00f5imalust. Reeglina kustuvad arvutist v\u00f5i seadmest p\u00e4rast veebilehitseja sulgemist;<\/p>\n<p>p\u00fcsik\u00fcpsised \u2013 on h\u00e4davajalikud veebisaidil ringi liikumiseks ja selle erinevate funktsioonide kasutamiseks. J\u00e4\u00e4vad Kasutaja arvutisse p\u00e4rast veebilehitseja sulgemist ja nende s\u00e4ilimise aeg s\u00f5ltub k\u00fcpsise omadustest, k\u00fcpsiseid puudutavatest Kasutaja seadistustest v\u00f5i Kasutaja poolt k\u00fcpsiste manuaalselt kustutamise ajast.<\/p>\n<p><strong>Veebisaidil <a href=\"https:\/\/www.astera.ee\/\">https:\/\/www.astera.ee\/<\/a> kasutatavate k\u00fcpsiste kuuluvuse j\u00e4rgi kasutatakse j\u00e4rgnevaid k\u00fcpsiseid:<\/strong><\/p>\n<ul>\n<li>veebisaidi\/autori k\u00fcpsised \u2013 p\u00e4rinevad vaadatavalt veebisaidilt;<\/li>\n<li>kolmandate isikute k\u00fcpsised \u2013 lisaks oma veebisaidi k\u00fcpsistele, saavad ka teatud kolmandad isikud salvestada Kasutaja arvutisse ja seadmesse k\u00fcpsiseid ning neid kasutada.<\/li>\n<\/ul>\n<p><strong>Veebisaidil <a href=\"https:\/\/www.astera.ee\/\">https:\/\/www.astera.ee\/<\/a> kasutatavate k\u00fcpsiste spetsiifilise liigituse j\u00e4rgi kasutatakse j\u00e4rgnevaid k\u00fcpsiseid:<\/strong><\/p>\n<ul>\n<li>tehnilised k\u00fcpsised \u2013 tagavad Kasutajale v\u00f5imaluse veebisaidil navigeerida ja veebisaidi funktsioone kasutada;<\/li>\n<li>anal\u00fc\u00fctilised k\u00fcpsised \u2013 koguvad andmeid selle kohta, kuidas Kasutaja veebisaiti kasutab;<\/li>\n<li>autentimise k\u00fcpsised \u2013 v\u00f5imaldavad veebisaidil meeles pidada Kasutaja poolt veebisaidil tehtud valikuid;<\/li>\n<li>reklaamik\u00fcpsised \u2013 koguvad andmeid Kasutaja sirvimisharjumuste kohta, mis omakorda v\u00f5imaldab veebisaidil esitada Kasutaja eelistustega koosk\u00f5las olevat reklaamisisu, samuti hinnata reklaamikampaania efektiivsust;<\/li>\n<li>multimeedia esitamiseks kasutatavad k\u00fcpsised \u2013 salvestavad video- v\u00f5i audiomaterjali esitamiseks vajalikku tehnilist teavet, nagu kujutise kvaliteet, v\u00f5rgu\u00fchenduse kiirus ja puhverdamise parameetrid.<\/li>\n<\/ul>\n<p>K\u00e4esoleval veebisaidil kasutatakse k\u00fcpsiseid veebisaidi turvalisuse tagamiseks, veebisaidil liikumise lihtsustamiseks, teabe t\u00f5husamaks kuvamiseks ning veebisaidi kasutajas\u00f5bralikumaks muutmiseks. K\u00fcpsised kiirendavad ja kergendavad Kasutaja ja veebisaidi teabevahetust ja seega veebisaidi ja selle erinevate funktsioonide kasutamist. Samuti kasutatakse k\u00fcpsiseid veebisaidi kasutamise kohta statistiliste andmete kogumiseks, et parandada ja uuendada saidi kujundust ja kasutatavust, m\u00f5ista Kasutajate eelistusi veebisaidil ja selle funktsioonide kasutamisel ning aidata Astera AS-l lahendada veebisaidiga seotud k\u00fcsimusi.<\/p>\n<p>Veebisaidi kasutamisel n\u00f5ustub Kasutaja k\u00fcpsiste kasutamisega vastavalt k\u00e4esolevatele K\u00fcpsiste kasutamise p\u00f5him\u00f5tetele ning Astera AS Isikuandmete t\u00f6\u00f6tlemise tingimustele. Juhul, kui Kasutaja ei n\u00f5ustu k\u00fcpsiste kasutamisega Astera AS poolt etten\u00e4htud eesm\u00e4rkidel ja tingimustel, on Kasutajal \u00f5igus keelduda k\u00f5igist v\u00f5i teatud liiki k\u00fcpsistest v\u00f5i kustutada salvestatud k\u00fcpsised. Selleks tuleb Kasutajal seadistada ja muuta oma veebilehitseja seadeid. K\u00fcpsiste kasutamise piiramine ja kustutamine Kasutajal on v\u00f5imalik blokeerida v\u00f5i kustutada k\u00f5iki v\u00f5i teatud k\u00fcpsiseid. Selleks tuleb Kasutajal muuta kasutatava veebilehitseja vastavaid privaatsusseadeid. Eri t\u00fc\u00fcpi veebilehitsejad (Internet Explorer, Chrome, Firefox, Safari, Opera jm) kasutavad k\u00fcpsiste keelamiseks erinevaid meetodeid ning \u00fcksikasjalik teave vastavate veebilehitsejate k\u00fcpsiste kasutamise kohta on k\u00e4ttesaadav iga veebilehitseja vastavates seadetes. K\u00f5igi v\u00f5i teatud k\u00fcpsiste blokeerimisel v\u00f5i kustutamisel peab Kasutaja arvestama, et k\u00f5ik v\u00f5i teatud veebisaidi funktsioonid ei pruugi p\u00e4rast k\u00fcpsiste blokeerimist v\u00f5i kustutamist Kasutajale endisel kujul k\u00e4ttesaadavad olla. Kui Kasutaja ei ole oma veebilehitsejat seadistanud selliselt, et see keeldub k\u00f5igist v\u00f5i teatud liiki k\u00fcpsistest, siis antakse k\u00fcpsised v\u00e4lja kohe, kui Kasutaja veebisaiti <a href=\"https:\/\/www.astera.ee\/\">https:\/\/www.astera.ee\/<\/a> k\u00fclastab. Veebilehitseja k\u00fcpsised tuleb vastavalt soovile seadistada eraldi igas seadmes. Lisainformatsioon Kasutajal on v\u00f5imalik p\u00f6\u00f6rduda k\u00fcsimustega seoses brauserik\u00fcpsiste kasutamisega saidil <a href=\"https:\/\/www.astera.ee\/\">https:\/\/www.astera.ee\/<\/a> Astera AS poole e-posti aadressil <a href=\"mailto:info@astera.ee\">info@astera.ee<\/a>.<\/p>\n<p>K\u00e4esolevaid k\u00fcpsiste kasutamise p\u00f5him\u00f5tteid v\u00f5idakse muuta Astera AS poolt nii k\u00fcpsiste kasutamise asjaolude muutumisel kui ka juhul, kui j\u00f5ustuvad muudatused seadusandluses v\u00f5i muudes regulatsioonides, millega kaasnevad olulised muudatused k\u00fcpsiste paigaldamise, kasutamise v\u00f5i nendest teavitamise tingimustes. K\u00fcpsiste kasutamise p\u00f5him\u00f5tete muutumisest teavitatakse Kasutajaid Astera AS veebisaidil <a href=\"https:\/\/www.astera.ee\/\">https:\/\/www.astera.ee\/<\/a> vastava teatega.<\/p>\n","protected":false},"excerpt":{"rendered":"<p>Astera AS k\u00fcpsiste kasutamine p\u00f5him\u00f5tted &nbsp; K\u00e4esolevad K\u00fcpsiste kasutamise p\u00f5him\u00f5tted reguleerivad k\u00fcpsiste kasutamist veebisaidil https:\/\/www.astera.ee\/. Veebisaidi haldaja ja andmete vastutav t\u00f6\u00f6tleja on Astera AS, registrikood 10292877, aadress Tehase tn 9a, Rakvere linn, L\u00e4\u00e4ne-Viru maakond, 44317, e-posti aadress: astera@astera.ee. Mis on k\u00fcpsised? Kasutaja paremaks teenindamiseks kasutab Astera AS veebisait https:\/\/www.astera.ee\/ k\u00fcpsiseid ehk cookie\u2019sid. K\u00fcpsis on v\u00e4ikesemahuline [&hellip;]<\/p>\n","protected":false},"author":2,"featured_media":0,"parent":0,"menu_order":0,"comment_status":"closed","ping_status":"closed","template":"","meta":{"footnotes":""},"class_list":["post-991","page","type-page","status-publish","hentry"],"acf":[],"_links":{"self":[{"href":"https:\/\/astera.ee\/en\/wp-json\/wp\/v2\/pages\/991","targetHints":{"allow":["GET"]}}],"collection":[{"href":"https:\/\/astera.ee\/en\/wp-json\/wp\/v2\/pages"}],"about":[{"href":"https:\/\/astera.ee\/en\/wp-json\/wp\/v2\/types\/page"}],"author":[{"embeddable":true,"href":"https:\/\/astera.ee\/en\/wp-json\/wp\/v2\/users\/2"}],"replies":[{"embeddable":true,"href":"https:\/\/astera.ee\/en\/wp-json\/wp\/v2\/comments?post=991"}],"version-history":[{"count":2,"href":"https:\/\/astera.ee\/en\/wp-json\/wp\/v2\/pages\/991\/revisions"}],"predecessor-version":[{"id":1027,"href":"https:\/\/astera.ee\/en\/wp-json\/wp\/v2\/pages\/991\/revisions\/1027"}],"wp:attachment":[{"href":"https:\/\/astera.ee\/en\/wp-json\/wp\/v2\/media?parent=991"}],"curies":[{"name":"wp","href":"https:\/\/api.w.org\/{rel}","templated":true}]}}