{"id":1072,"date":"2023-11-06T07:51:18","date_gmt":"2023-11-06T05:51:18","guid":{"rendered":"https:\/\/astera.ee\/digital-transformation-project\/"},"modified":"2024-04-17T15:05:55","modified_gmt":"2024-04-17T12:05:55","slug":"digitaalinen-vallankumous-hanke","status":"publish","type":"page","link":"https:\/\/astera.ee\/fi\/digitaalinen-vallankumous-hanke\/","title":{"rendered":"Digitaalinen vallankumous -hanke"},"content":{"rendered":"<p>Aikav\u00e4lill\u00e4 9.3.2023 \u2013 8.9.2024 ASTERA AS toteuttaa digitaalisen vallankumouksen hankkeen nro 20.1.01.23-0340, jonka tavoitteena on digitoida ja automatisoida ensisijaisen t\u00e4rkeit\u00e4 pullonkauloja sis\u00e4lt\u00e4v\u00e4t prosessit ja v\u00e4hent\u00e4\u00e4 k\u00e4sity\u00f6n m\u00e4\u00e4r\u00e4\u00e4 p\u00e4ivitt\u00e4isiss\u00e4 toimissa soveltamalla digitaalisia teknologioita ja kasvattamalla yrityksen tuotantokyky\u00e4 ja liiketoiminnan tuloksena luotavaa lis\u00e4arvoa.<\/p>\n<p>Projektin tuloksena tehd\u00e4\u00e4n sijoituksia ensisijaisen t\u00e4rkeit\u00e4 pullonkauloja sis\u00e4lt\u00e4vien prosessien ratkaisemiseen. Projektia on rahoittanut Euroopan unioni elpymisv\u00e4lineen NextGenerationEU varoista 86.835 euron osarahoituksella.<\/p>\n<p><img decoding=\"async\" class=\"alignnone size-medium wp-image-1128\" src=\"https:\/\/astera.ee\/wp-content\/uploads\/2024\/04\/Digipoordelogo-300x168.jpg\" alt=\"\" width=\"300\" height=\"168\" srcset=\"https:\/\/astera.ee\/wp-content\/uploads\/2024\/04\/Digipoordelogo-300x168.jpg 300w, https:\/\/astera.ee\/wp-content\/uploads\/2024\/04\/Digipoordelogo.jpg 602w\" sizes=\"(max-width: 300px) 100vw, 300px\" \/><\/p>\n","protected":false},"excerpt":{"rendered":"<p>Aikav\u00e4lill\u00e4 9.3.2023 \u2013 8.9.2024 ASTERA AS toteuttaa digitaalisen vallankumouksen hankkeen nro 20.1.01.23-0340, jonka tavoitteena on digitoida ja automatisoida ensisijaisen t\u00e4rkeit\u00e4 pullonkauloja sis\u00e4lt\u00e4v\u00e4t prosessit ja v\u00e4hent\u00e4\u00e4 k\u00e4sity\u00f6n m\u00e4\u00e4r\u00e4\u00e4 p\u00e4ivitt\u00e4isiss\u00e4 toimissa soveltamalla digitaalisia teknologioita ja kasvattamalla yrityksen tuotantokyky\u00e4 ja liiketoiminnan tuloksena luotavaa lis\u00e4arvoa. Projektin tuloksena tehd\u00e4\u00e4n sijoituksia ensisijaisen t\u00e4rkeit\u00e4 pullonkauloja sis\u00e4lt\u00e4vien prosessien ratkaisemiseen. Projektia on rahoittanut Euroopan [&hellip;]<\/p>\n","protected":false},"author":2,"featured_media":0,"parent":0,"menu_order":0,"comment_status":"closed","ping_status":"closed","template":"","meta":{"footnotes":""},"class_list":["post-1072","page","type-page","status-publish","hentry"],"acf":[],"_links":{"self":[{"href":"https:\/\/astera.ee\/fi\/wp-json\/wp\/v2\/pages\/1072","targetHints":{"allow":["GET"]}}],"collection":[{"href":"https:\/\/astera.ee\/fi\/wp-json\/wp\/v2\/pages"}],"about":[{"href":"https:\/\/astera.ee\/fi\/wp-json\/wp\/v2\/types\/page"}],"author":[{"embeddable":true,"href":"https:\/\/astera.ee\/fi\/wp-json\/wp\/v2\/users\/2"}],"replies":[{"embeddable":true,"href":"https:\/\/astera.ee\/fi\/wp-json\/wp\/v2\/comments?post=1072"}],"version-history":[{"count":2,"href":"https:\/\/astera.ee\/fi\/wp-json\/wp\/v2\/pages\/1072\/revisions"}],"predecessor-version":[{"id":1132,"href":"https:\/\/astera.ee\/fi\/wp-json\/wp\/v2\/pages\/1072\/revisions\/1132"}],"wp:attachment":[{"href":"https:\/\/astera.ee\/fi\/wp-json\/wp\/v2\/media?parent=1072"}],"curies":[{"name":"wp","href":"https:\/\/api.w.org\/{rel}","templated":true}]}}