{"id":954,"date":"2023-08-23T12:38:40","date_gmt":"2023-08-23T12:38:40","guid":{"rendered":"https:\/\/astera.ee\/eas-rahastused\/"},"modified":"2023-11-06T08:04:28","modified_gmt":"2023-11-06T08:04:28","slug":"digitoinnin-etenemissuunnitelma","status":"publish","type":"page","link":"https:\/\/astera.ee\/fi\/digitoinnin-etenemissuunnitelma\/","title":{"rendered":"Digitoinnin etenemissuunnitelma"},"content":{"rendered":"<p>Vuoden 2022 kes\u00e4ll\u00e4 Astera AS p\u00e4\u00e4tti laatia jatkoa koskevan toimintasuunnitelman avuksi digitoinnin tiekartan.<\/p>\n<p>Asiakirjan luomisen tavoitteena oli kuvata yrityksen pitk\u00e4aikaisten tavoitteiden saavuttamisessa tarvittavat muutokset ja laatia toimintasuunnitelma mahdollisten pullonkaulojen poistamiseen.<\/p>\n<p>Hanketta tuki EAS (Viron yritystoiminnan kehityss\u00e4\u00e4ti\u00f6) projektin \u201dDigitoinnin tiekartan laatiminen (2014-2020.4.04.22-2455)\u201d puitteissa summalla 5.600 \u20ac<\/p>\n","protected":false},"excerpt":{"rendered":"<p>Vuoden 2022 kes\u00e4ll\u00e4 Astera AS p\u00e4\u00e4tti laatia jatkoa koskevan toimintasuunnitelman avuksi digitoinnin tiekartan. Asiakirjan luomisen tavoitteena oli kuvata yrityksen pitk\u00e4aikaisten tavoitteiden saavuttamisessa tarvittavat muutokset ja laatia toimintasuunnitelma mahdollisten pullonkaulojen poistamiseen. Hanketta tuki EAS (Viron yritystoiminnan kehityss\u00e4\u00e4ti\u00f6) projektin \u201dDigitoinnin tiekartan laatiminen (2014-2020.4.04.22-2455)\u201d puitteissa summalla 5.600 \u20ac<\/p>\n","protected":false},"author":2,"featured_media":0,"parent":0,"menu_order":0,"comment_status":"closed","ping_status":"closed","template":"","meta":{"footnotes":""},"class_list":["post-954","page","type-page","status-publish","hentry"],"acf":[],"_links":{"self":[{"href":"https:\/\/astera.ee\/fi\/wp-json\/wp\/v2\/pages\/954","targetHints":{"allow":["GET"]}}],"collection":[{"href":"https:\/\/astera.ee\/fi\/wp-json\/wp\/v2\/pages"}],"about":[{"href":"https:\/\/astera.ee\/fi\/wp-json\/wp\/v2\/types\/page"}],"author":[{"embeddable":true,"href":"https:\/\/astera.ee\/fi\/wp-json\/wp\/v2\/users\/2"}],"replies":[{"embeddable":true,"href":"https:\/\/astera.ee\/fi\/wp-json\/wp\/v2\/comments?post=954"}],"version-history":[{"count":5,"href":"https:\/\/astera.ee\/fi\/wp-json\/wp\/v2\/pages\/954\/revisions"}],"predecessor-version":[{"id":1077,"href":"https:\/\/astera.ee\/fi\/wp-json\/wp\/v2\/pages\/954\/revisions\/1077"}],"wp:attachment":[{"href":"https:\/\/astera.ee\/fi\/wp-json\/wp\/v2\/media?parent=954"}],"curies":[{"name":"wp","href":"https:\/\/api.w.org\/{rel}","templated":true}]}}